{"id":123,"date":"2013-10-24T23:41:23","date_gmt":"2013-10-24T21:41:23","guid":{"rendered":"http:\/\/www.patrick-holy-gmbh.de\/test\/?page_id=123"},"modified":"2021-02-24T12:45:08","modified_gmt":"2021-02-24T10:45:08","slug":"impressum","status":"publish","type":"page","link":"https:\/\/www.patrick-holy-gmbh.de\/?page_id=123","title":{"rendered":"Impressum"},"content":{"rendered":"<p align=\"center\">&nbsp;<\/p>\n<p align=\"center\"><strong>Patrick Holy GmbH<\/strong><br \/>\nGesch\u00e4ftsf\u00fchrung: Patrick Holy<br \/>\nFeldchenstra\u00dfe 114 &#8211; 118<br \/>\n63743 Aschaffenburg<br \/>\nFon: 0 60 21 \/ 4 57 44 0<br \/>\nFax: 0 60 21 \/ 4 57 44 99<br \/>\nSteuernummer: 204\/135\/00622<br \/>\nAmtsgericht Aschaffenburg HR B 60 36<\/p>\n<p align=\"center\">Haftungshinweis:<br \/>\nTrotz sorgf\u00e4ltiger inhaltlicher Kontrolle \u00fcbernehmen wir keine Haftung f\u00fcr die Inhalte externer Links. F\u00fcr den Inhalt der verlinkten Seiten sind ausschlie\u00dflich deren Betreiber verantwortlich.<\/p>\n<p align=\"center\">(Werbe- und Spam-Mails sind nicht erw\u00fcnscht!)<\/p>\n","protected":false},"excerpt":{"rendered":"<p>&nbsp; Patrick Holy GmbH Gesch\u00e4ftsf\u00fchrung: Patrick Holy Feldchenstra\u00dfe 114 &#8211; 118 63743 Aschaffenburg Fon: 0 60 21 \/ 4 57 44 0 Fax: 0 60 21 \/ 4 57 44 99 Steuernummer: 204\/135\/00622 Amtsgericht Aschaffenburg HR B 60 36 Haftungshinweis: Trotz sorgf\u00e4ltiger inhaltlicher Kontrolle \u00fcbernehmen wir keine Haftung f\u00fcr die Inhalte externer Links. F\u00fcr den<\/p>\n","protected":false},"author":2,"featured_media":0,"parent":0,"menu_order":0,"comment_status":"closed","ping_status":"closed","template":"","meta":{"ngg_post_thumbnail":0,"footnotes":""},"class_list":["post-123","page","type-page","status-publish","hentry"],"_links":{"self":[{"href":"https:\/\/www.patrick-holy-gmbh.de\/index.php?rest_route=\/wp\/v2\/pages\/123","targetHints":{"allow":["GET"]}}],"collection":[{"href":"https:\/\/www.patrick-holy-gmbh.de\/index.php?rest_route=\/wp\/v2\/pages"}],"about":[{"href":"https:\/\/www.patrick-holy-gmbh.de\/index.php?rest_route=\/wp\/v2\/types\/page"}],"author":[{"embeddable":true,"href":"https:\/\/www.patrick-holy-gmbh.de\/index.php?rest_route=\/wp\/v2\/users\/2"}],"replies":[{"embeddable":true,"href":"https:\/\/www.patrick-holy-gmbh.de\/index.php?rest_route=%2Fwp%2Fv2%2Fcomments&post=123"}],"version-history":[{"count":0,"href":"https:\/\/www.patrick-holy-gmbh.de\/index.php?rest_route=\/wp\/v2\/pages\/123\/revisions"}],"wp:attachment":[{"href":"https:\/\/www.patrick-holy-gmbh.de\/index.php?rest_route=%2Fwp%2Fv2%2Fmedia&parent=123"}],"curies":[{"name":"wp","href":"https:\/\/api.w.org\/{rel}","templated":true}]}}