{"id":29,"date":"2013-10-23T19:58:13","date_gmt":"2013-10-23T17:58:13","guid":{"rendered":"http:\/\/www.patrick-holy-gmbh.de\/test\/?page_id=29"},"modified":"2025-05-28T16:55:20","modified_gmt":"2025-05-28T14:55:20","slug":"tes","status":"publish","type":"page","link":"https:\/\/www.patrick-holy-gmbh.de\/","title":{"rendered":"Willkommen bei der Patrick Holy GmbH"},"content":{"rendered":"\t\t<div data-elementor-type=\"wp-page\" data-elementor-id=\"29\" class=\"elementor elementor-29\">\n\t\t\t\t\t\t<section class=\"elementor-section elementor-top-section elementor-element elementor-element-36d3874a elementor-section-boxed elementor-section-height-default elementor-section-height-default\" data-id=\"36d3874a\" data-element_type=\"section\" data-e-type=\"section\">\n\t\t\t\t\t\t<div class=\"elementor-container elementor-column-gap-default\">\n\t\t\t\t\t<div class=\"elementor-column elementor-col-100 elementor-top-column elementor-element elementor-element-33de5d87\" data-id=\"33de5d87\" data-element_type=\"column\" data-e-type=\"column\">\n\t\t\t<div class=\"elementor-widget-wrap elementor-element-populated\">\n\t\t\t\t\t\t<div class=\"elementor-element elementor-element-283b878f elementor-widget elementor-widget-text-editor\" data-id=\"283b878f\" data-element_type=\"widget\" data-e-type=\"widget\" data-widget_type=\"text-editor.default\">\n\t\t\t\t<div class=\"elementor-widget-container\">\n\t\t\t\t\t\t\t\t\t<p style=\"text-align: center;\"><span style=\"color: #000000; font-size: 24pt;\"><span style=\"font-family: arial, helvetica, sans-serif;\"><strong>Willkommen bei der <\/strong><\/span><strong>Patrick Holy GmbH<\/strong><\/span><\/p><p style=\"text-align: center;\"><span style=\"font-family: tahoma,arial,helvetica,sans-serif;\"><img fetchpriority=\"high\" decoding=\"async\" class=\"wp-image-712 aligncenter\" src=\"https:\/\/www.patrick-holy-gmbh.de\/wp-content\/uploads\/Hauptbild1-1700x1080.jpg\" alt=\"\" width=\"450\" height=\"286\" srcset=\"https:\/\/www.patrick-holy-gmbh.de\/wp-content\/uploads\/Hauptbild1-1700x1080.jpg 1700w, https:\/\/www.patrick-holy-gmbh.de\/wp-content\/uploads\/Hauptbild1-300x191.jpg 300w, https:\/\/www.patrick-holy-gmbh.de\/wp-content\/uploads\/Hauptbild1-768x488.jpg 768w\" sizes=\"(max-width: 450px) 100vw, 450px\" \/><\/span><\/p><p style=\"text-align: center;\"><span style=\"font-family: arial, helvetica, sans-serif; color: #000000;\">Die Patrick Holy GmbH ist ein Unternehmen mit Schwerpunkten in den\u00a0Bereichen Tief-, Stra\u00dfen- und Rohrleitungsbau\u00a0sowie dem Bau von Fernw\u00e4rmeleitungen.<\/span><\/p><p style=\"text-align: center;\"><span style=\"font-family: arial, helvetica, sans-serif; color: #000000;\">Bei Bedarf sind auf Anfrage auch Erd- oder Abbrucharbeiten m\u00f6glich.<\/span><\/p><p style=\"text-align: center;\"><span style=\"font-family: arial, helvetica, sans-serif; color: #000000;\">W\u00e4hrend der kalten\u00a0Jahreszeit\u00a0betreibt das\u00a0Unternehmen Winterdienst f\u00fcr\u00a0Betriebe der\u00a0freien Wirtschaft\u00a0ebenso f\u00fcr kommunale und staatliche Auftraggeber.<\/span><\/p><p style=\"text-align: center;\"><span style=\"font-family: arial, helvetica, sans-serif; color: #000000;\">Zur Zeit besch\u00e4ftigt die Firma rund 40 Mitarbeiter, deren fachliche Kompetenz st\u00e4ndig durch Schulungen und Seminare immer wieder erweitert wird.<\/span><\/p><p style=\"text-align: center;\"><span style=\"font-family: arial, helvetica, sans-serif; color: #000000;\">Der Fuhrpark- und Maschinenbestand wird stets erneuert und\u00a0ist somit immer auf dem neuesten Stand der Technik. Wartungs- und Reparaturarbeiten k\u00f6nnen\u00a0in der eigenen Werkstatt fachgerecht durchgef\u00fchrt werden.<\/span><\/p><p style=\"text-align: center;\"><span style=\"font-family: arial, helvetica, sans-serif; color: #000000;\">Durch einen geregelten Bereitschaftsdienst ist das Unternehmen an 365 Tagen im Jahr rund um die Uhr erreichbar.<\/span><\/p><p style=\"text-align: center;\"><span style=\"font-family: arial, helvetica, sans-serif; color: #000000;\">So ist jederzeit\u00a0eine qualitative und zuverl\u00e4ssige Ausf\u00fchrung aller Auftr\u00e4ge gew\u00e4hrleistet.<\/span><\/p><p style=\"text-align: center;\"><span style=\"font-family: arial, helvetica, sans-serif; color: #000000;\">Bei der Patrick Holy GmbH handelt es sich um ein DVGW und T\u00dcV zertifiziertes Unternehmen welches mit einem L\u00e4cheln in die Zukunft blicken kann!<\/span><\/p><p>\u00a0<\/p><p><img decoding=\"async\" class=\"aligncenter wp-image-672\" src=\"https:\/\/www.patrick-holy-gmbh.de\/wp-content\/uploads\/DVGW_GW301.bmp\" alt=\"\" width=\"200\" height=\"200\" \/><\/p>\t\t\t\t\t\t\t\t<\/div>\n\t\t\t\t<\/div>\n\t\t\t\t\t<\/div>\n\t\t<\/div>\n\t\t\t\t\t<\/div>\n\t\t<\/section>\n\t\t\t\t<\/div>\n\t\t","protected":false},"excerpt":{"rendered":"<p>Willkommen bei der Patrick Holy GmbH Die Patrick Holy GmbH ist ein Unternehmen mit Schwerpunkten in den\u00a0Bereichen Tief-, Stra\u00dfen- und Rohrleitungsbau\u00a0sowie dem Bau von Fernw\u00e4rmeleitungen. Bei Bedarf sind auf Anfrage auch Erd- oder Abbrucharbeiten m\u00f6glich. W\u00e4hrend der kalten\u00a0Jahreszeit\u00a0betreibt das\u00a0Unternehmen Winterdienst f\u00fcr\u00a0Betriebe der\u00a0freien Wirtschaft\u00a0ebenso f\u00fcr kommunale und staatliche Auftraggeber. Zur Zeit besch\u00e4ftigt die Firma rund 40<\/p>\n","protected":false},"author":2,"featured_media":0,"parent":0,"menu_order":0,"comment_status":"closed","ping_status":"closed","template":"","meta":{"ngg_post_thumbnail":0,"footnotes":""},"class_list":["post-29","page","type-page","status-publish","hentry"],"_links":{"self":[{"href":"https:\/\/www.patrick-holy-gmbh.de\/index.php?rest_route=\/wp\/v2\/pages\/29","targetHints":{"allow":["GET"]}}],"collection":[{"href":"https:\/\/www.patrick-holy-gmbh.de\/index.php?rest_route=\/wp\/v2\/pages"}],"about":[{"href":"https:\/\/www.patrick-holy-gmbh.de\/index.php?rest_route=\/wp\/v2\/types\/page"}],"author":[{"embeddable":true,"href":"https:\/\/www.patrick-holy-gmbh.de\/index.php?rest_route=\/wp\/v2\/users\/2"}],"replies":[{"embeddable":true,"href":"https:\/\/www.patrick-holy-gmbh.de\/index.php?rest_route=%2Fwp%2Fv2%2Fcomments&post=29"}],"version-history":[{"count":0,"href":"https:\/\/www.patrick-holy-gmbh.de\/index.php?rest_route=\/wp\/v2\/pages\/29\/revisions"}],"wp:attachment":[{"href":"https:\/\/www.patrick-holy-gmbh.de\/index.php?rest_route=%2Fwp%2Fv2%2Fmedia&parent=29"}],"curies":[{"name":"wp","href":"https:\/\/api.w.org\/{rel}","templated":true}]}}